{"id":163,"date":"2019-10-10T04:48:05","date_gmt":"2019-10-10T04:48:05","guid":{"rendered":"https:\/\/demo2.fitwp.com\/carify\/?page_id=163"},"modified":"2022-03-30T10:25:35","modified_gmt":"2022-03-30T10:25:35","slug":"notre-passions-2","status":"publish","type":"page","link":"https:\/\/duseautomobiles.ch\/de\/unsere-passionen-2\/","title":{"rendered":"Unsere-passionen"},"content":{"rendered":"<div data-elementor-type=\"wp-page\" data-elementor-id=\"163\" class=\"elementor elementor-163\" data-elementor-settings=\"[]\">\n\t\t\t\t\t\t\t<div class=\"elementor-section-wrap\">\n\t\t\t\t\t\t\t<section class=\"elementor-section elementor-top-section elementor-element elementor-element-96ca62f elementor-section-full_width elementor-section-height-default elementor-section-height-default\" data-id=\"96ca62f\" data-element_type=\"section\" data-settings=\"{&quot;background_background&quot;:&quot;classic&quot;}\">\n\t\t\t\t\t\t\t<div class=\"elementor-background-overlay\"><\/div>\n\t\t\t\t\t\t\t<div class=\"elementor-container elementor-column-gap-extended\">\n\t\t\t\t\t<div class=\"elementor-column elementor-col-100 elementor-top-column elementor-element elementor-element-fe0d2ee\" data-id=\"fe0d2ee\" data-element_type=\"column\">\n\t\t\t<div class=\"elementor-widget-wrap elementor-element-populated\">\n\t\t\t\t\t\t\t\t<div class=\"elementor-section elementor-inner-section elementor-element elementor-element-ef89a10 elementor-section-boxed elementor-section-height-default elementor-section-height-default\" data-id=\"ef89a10\" data-element_type=\"section\">\n\t\t\t\t\t\t<div class=\"elementor-container elementor-column-gap-default\">\n\t\t\t\t\t<div class=\"elementor-column elementor-col-100 elementor-inner-column elementor-element elementor-element-127ac00\" data-id=\"127ac00\" data-element_type=\"column\">\n\t\t\t<div class=\"elementor-widget-wrap elementor-element-populated\">\n\t\t\t\t\t\t\t\t<div class=\"elementor-element elementor-element-e1787ca elementor-widget elementor-widget-heading\" data-id=\"e1787ca\" data-element_type=\"widget\" data-widget_type=\"heading.default\">\n\t\t\t\t<div class=\"elementor-widget-container\">\n\t\t\t<style>\/*! elementor - v3.5.5 - 03-02-2022 *\/\n.elementor-heading-title{padding:0;margin:0;line-height:1}.elementor-widget-heading .elementor-heading-title[class*=elementor-size-]>a{color:inherit;font-size:inherit;line-height:inherit}.elementor-widget-heading .elementor-heading-title.elementor-size-small{font-size:15px}.elementor-widget-heading .elementor-heading-title.elementor-size-medium{font-size:19px}.elementor-widget-heading .elementor-heading-title.elementor-size-large{font-size:29px}.elementor-widget-heading .elementor-heading-title.elementor-size-xl{font-size:39px}.elementor-widget-heading .elementor-heading-title.elementor-size-xxl{font-size:59px}<\/style><p class=\"elementor-heading-title elementor-size-medium\">Die gleiche Leidenschaft zwischen Vater und Sohn: Prestigeautos!\n<\/p>\t\t<\/div>\n\t\t\t\t<\/div>\n\t\t\t\t<div class=\"elementor-element elementor-element-20fed36 elementor-arrows-position-inside elementor-pagination-position-outside elementor-widget elementor-widget-image-carousel\" data-id=\"20fed36\" data-element_type=\"widget\" data-settings=\"{&quot;slides_to_show&quot;:&quot;1&quot;,&quot;navigation&quot;:&quot;both&quot;,&quot;autoplay&quot;:&quot;yes&quot;,&quot;pause_on_hover&quot;:&quot;yes&quot;,&quot;pause_on_interaction&quot;:&quot;yes&quot;,&quot;autoplay_speed&quot;:5000,&quot;infinite&quot;:&quot;yes&quot;,&quot;effect&quot;:&quot;slide&quot;,&quot;speed&quot;:500}\" data-widget_type=\"image-carousel.default\">\n\t\t\t\t<div class=\"elementor-widget-container\">\n\t\t\t<style>\/*! elementor - v3.5.5 - 03-02-2022 *\/\n.elementor-widget-image-carousel .swiper-container{position:static}.elementor-widget-image-carousel .swiper-container .swiper-slide figure{line-height:inherit}.elementor-widget-image-carousel .swiper-slide{text-align:center}.elementor-image-carousel-wrapper:not(.swiper-container-initialized) .swiper-slide{max-width:calc(100% \/ var(--e-image-carousel-slides-to-show, 3))}<\/style>\t\t<div class=\"elementor-image-carousel-wrapper swiper-container\" dir=\"ltr\">\n\t\t\t<div class=\"elementor-image-carousel swiper-wrapper\">\n\t\t\t\t\t\t\t\t<div class=\"swiper-slide\"><figure class=\"swiper-slide-inner\"><img decoding=\"async\" class=\"swiper-slide-image\" src=\"https:\/\/duseautomobiles.ch\/wp-content\/uploads\/2022\/03\/4.jpeg\" alt=\"4\" \/><\/figure><\/div><div class=\"swiper-slide\"><figure class=\"swiper-slide-inner\"><img decoding=\"async\" class=\"swiper-slide-image\" src=\"https:\/\/duseautomobiles.ch\/wp-content\/uploads\/2022\/03\/6.jpeg\" alt=\"6\" \/><\/figure><\/div><div class=\"swiper-slide\"><figure class=\"swiper-slide-inner\"><img decoding=\"async\" class=\"swiper-slide-image\" src=\"https:\/\/duseautomobiles.ch\/wp-content\/uploads\/2022\/03\/19.jpeg\" alt=\"19\" \/><\/figure><\/div>\t\t\t<\/div>\n\t\t\t\t\t\t\t\t\t\t\t\t<div class=\"swiper-pagination\"><\/div>\n\t\t\t\t\t\t\t\t\t\t\t\t\t<div class=\"elementor-swiper-button elementor-swiper-button-prev\">\n\t\t\t\t\t\t<i aria-hidden=\"true\" class=\"eicon-chevron-left\"><\/i>\t\t\t\t\t\t<span class=\"elementor-screen-only\">Zur\u00fcck<\/span>\n\t\t\t\t\t<\/div>\n\t\t\t\t\t<div class=\"elementor-swiper-button elementor-swiper-button-next\">\n\t\t\t\t\t\t<i aria-hidden=\"true\" class=\"eicon-chevron-right\"><\/i>\t\t\t\t\t\t<span class=\"elementor-screen-only\">Weiter<\/span>\n\t\t\t\t\t<\/div>\n\t\t\t\t\t\t\t\t\t<\/div>\n\t\t\t\t<\/div>\n\t\t\t\t<\/div>\n\t\t\t\t<div class=\"elementor-element elementor-element-3ba5a0f elementor-widget elementor-widget-text-editor\" data-id=\"3ba5a0f\" data-element_type=\"widget\" data-widget_type=\"text-editor.default\">\n\t\t\t\t<div class=\"elementor-widget-container\">\n\t\t\t<style>\/*! elementor - v3.5.5 - 03-02-2022 *\/\n.elementor-widget-text-editor.elementor-drop-cap-view-stacked .elementor-drop-cap{background-color:#818a91;color:#fff}.elementor-widget-text-editor.elementor-drop-cap-view-framed .elementor-drop-cap{color:#818a91;border:3px solid;background-color:transparent}.elementor-widget-text-editor:not(.elementor-drop-cap-view-default) .elementor-drop-cap{margin-top:8px}.elementor-widget-text-editor:not(.elementor-drop-cap-view-default) .elementor-drop-cap-letter{width:1em;height:1em}.elementor-widget-text-editor .elementor-drop-cap{float:left;text-align:center;line-height:1;font-size:50px}.elementor-widget-text-editor .elementor-drop-cap-letter{display:inline-block}<\/style>\t\t\t\t<h4><strong>Duse Automobiles ist ein Familienunternehmen, das verschiedene Dienstleistungen anbietet, wie z. B. den Verkauf und Kauf von Neu- und Gebrauchtwagen. In diesem Rahmen erledigt sie auch alle damit verbundenen administrativen Schritte.<\/strong><\/h4><h4><strong>Er begann seine Karriere in der Automobilbranche 1968 als Verkaufsleiter bei Lancia, der Garage des Lausanne Palace. Er entschied sich f\u00fcr die berufliche Selbstst\u00e4ndigkeit und gr\u00fcndete 1985 seine Firma.<\/strong><strong style=\"letter-spacing: 0px; text-align: inherit;\">\u00a0Duse Automobiles und \u00fcbertr\u00e4gt seine Leidenschaft f\u00fcr sch\u00f6ne Autos auf einen seiner S\u00f6hne, Ga\u00ebl Duse.<\/strong><\/h4><h4><strong style=\"letter-spacing: 0px; text-align: inherit;\">Zu dieser Zeit arbeitet Ga\u00ebl Duse in der Finanzwelt zwischen Lausanne und Z\u00fcrich. Die Leidenschaft, die er von seinem Vater \u00fcbernommen hat, ist jedoch st\u00e4rker. Sein Interesse an \"Premium\"- und \"High-End\"-Autos wird immer st\u00e4rker.\u00a0<\/strong><strong style=\"letter-spacing: 0px; text-align: inherit;\">Direktor der Beau-Rivage-Garage und sp\u00e4ter Leiter des AMG Performance Centers in Lausanne. I<\/strong><strong style=\"letter-spacing: 0px; text-align: inherit;\">l entwickelt so besondere Kenntnisse in Verkauf, Management und tr\u00e4gt zum Ansehen von Prestigemarken wie Bentley und Mercedes Benz bei.<\/strong><\/h4><h4><strong>Im Jahr 2022 k\u00f6nnen Vater und Sohn dank ihrer gemeinsamen Leidenschaft f\u00fcr Prestigefahrzeuge auf 76 Jahre Erfahrung zur\u00fcckblicken. Dieses Wissen erm\u00f6glicht es ihnen, ihren Kunden einen erstklassigen Service zu bieten. Durch zahlreiche K\u00e4ufe und Verk\u00e4ufe von Automobilen in der Schweiz und im Ausland wurden vertrauensvolle Beziehungen aufgebaut.\u00a0<\/strong><\/h4>\t\t\t\t\t\t<\/div>\n\t\t\t\t<\/div>\n\t\t\t\t\t<\/div>\n\t\t<\/div>\n\t\t\t\t\t\t\t<\/div>\n\t\t<\/div>\n\t\t\t\t\t<\/div>\n\t\t<\/div>\n\t\t\t\t\t\t\t<\/div>\n\t\t<\/section>\n\t\t\t\t<section class=\"elementor-section elementor-top-section elementor-element elementor-element-efa96e0 elementor-section-boxed elementor-section-height-default elementor-section-height-default\" data-id=\"efa96e0\" data-element_type=\"section\">\n\t\t\t\t\t\t<div class=\"elementor-container elementor-column-gap-default\">\n\t\t\t\t\t<div class=\"elementor-column elementor-col-100 elementor-top-column elementor-element elementor-element-298be40\" data-id=\"298be40\" data-element_type=\"column\">\n\t\t\t<div class=\"elementor-widget-wrap\">\n\t\t\t\t\t\t\t\t\t<\/div>\n\t\t<\/div>\n\t\t\t\t\t\t\t<\/div>\n\t\t<\/section>\n\t\t\t\t<section class=\"elementor-section elementor-top-section elementor-element elementor-element-18c7ae4 elementor-section-boxed elementor-section-height-default elementor-section-height-default\" data-id=\"18c7ae4\" data-element_type=\"section\">\n\t\t\t\t\t\t<div class=\"elementor-container elementor-column-gap-default\">\n\t\t\t\t\t<div class=\"elementor-column elementor-col-100 elementor-top-column elementor-element elementor-element-73be7c3\" data-id=\"73be7c3\" data-element_type=\"column\">\n\t\t\t<div class=\"elementor-widget-wrap\">\n\t\t\t\t\t\t\t\t\t<\/div>\n\t\t<\/div>\n\t\t\t\t\t\t\t<\/div>\n\t\t<\/section>\n\t\t\t\t\t\t<\/div>\n\t\t\t\t\t<\/div>","protected":false},"excerpt":{"rendered":"<p>M\u00eame passion entre p\u00e8re et fils : les voitures de prestige ! Pr\u00e9c\u00e9dent Suivant Duse Automobiles est une entreprise familiale proposant des services vari\u00e9s,&hellip;<\/p>","protected":false},"author":1,"featured_media":0,"parent":0,"menu_order":0,"comment_status":"closed","ping_status":"closed","template":"elementor_header_footer","meta":[],"meta_box":{"overlay_header":"0"},"_links":{"self":[{"href":"https:\/\/duseautomobiles.ch\/de\/wp-json\/wp\/v2\/pages\/163"}],"collection":[{"href":"https:\/\/duseautomobiles.ch\/de\/wp-json\/wp\/v2\/pages"}],"about":[{"href":"https:\/\/duseautomobiles.ch\/de\/wp-json\/wp\/v2\/types\/page"}],"author":[{"embeddable":true,"href":"https:\/\/duseautomobiles.ch\/de\/wp-json\/wp\/v2\/users\/1"}],"replies":[{"embeddable":true,"href":"https:\/\/duseautomobiles.ch\/de\/wp-json\/wp\/v2\/comments?post=163"}],"version-history":[{"count":62,"href":"https:\/\/duseautomobiles.ch\/de\/wp-json\/wp\/v2\/pages\/163\/revisions"}],"predecessor-version":[{"id":1649,"href":"https:\/\/duseautomobiles.ch\/de\/wp-json\/wp\/v2\/pages\/163\/revisions\/1649"}],"wp:attachment":[{"href":"https:\/\/duseautomobiles.ch\/de\/wp-json\/wp\/v2\/media?parent=163"}],"curies":[{"name":"wp","href":"https:\/\/api.w.org\/{rel}","templated":true}]}}